{"id":20,"date":"2016-08-02T13:10:11","date_gmt":"2016-08-02T13:10:11","guid":{"rendered":"http:\/\/www.wiederverwerkle.ch\/?page_id=20"},"modified":"2025-12-04T09:14:57","modified_gmt":"2025-12-04T09:14:57","slug":"ueber-uns","status":"publish","type":"page","link":"https:\/\/www.wiederverwerkle.ch\/?page_id=20","title":{"rendered":"\u00dcber uns"},"content":{"rendered":"<h3>Warum wir das machen?<\/h3>\n<p>Wir m\u00f6chten uns f\u00fcr eine nachhaltigere Ressourcennutzung in unserer Gesellschaft einsetzen.<\/p>\n<p>Wiederverwerkle ist die erste Organisation in Winterthur, welche Restholz an einem zentralen Ort zum Verkauf anbietet.<\/p>\n<p>Die Industrie w\u00fcrde das Holz verbrennen, wir holen dieses ab\u00a0und f\u00fchren es einem wertvolleren Zweck zu.\u00a0Mit deinem Einkauf leistest du gleichzeitig einen Beitrag zu einem nachhaltigeren Umgang mit unseren Ressourcen.<\/p>\n<p>Wiederverwerkle m\u00f6chte die Kreativit\u00e4t f\u00f6rdern und versucht dies selbst Tag f\u00fcr Tag aufs Neue umzusetzen. Falls du noch nicht mit handwerklichen T\u00e4tigkeiten\u00a0in Ber\u00fchrung gekommen bist, ermutigen wir dich zu dieser Bet\u00e4tigung. Dadurch kannst du mit deinen eigenen H\u00e4nden aus angeblichem Abfall Sinnvolles erschaffen. Wenn du Fragen zur Ausarbeitung deiner Projekte hast, stehen wir dir nat\u00fcrlich gerne zur Verf\u00fcgung. Wir w\u00fcnschen dir viel Freude beim Entwickeln und Ausf\u00fchren deiner Ideen!<\/p>\n<div class=\"container\">\n<div class=\"row\">\n<div class=\"col-md-6\">\n<p><a href=\"http:\/\/www.wiederverwerkle.ch\/wp-content\/uploads\/2016\/08\/Stechbeitel-1.jpg\"><img loading=\"lazy\" decoding=\"async\" class=\"wp-image-345 alignleft\" src=\"http:\/\/www.wiederverwerkle.ch\/wp-content\/uploads\/2016\/08\/Stechbeitel-1-300x200.jpg\" alt=\"Stechbeitel\" width=\"638\" height=\"425\" srcset=\"https:\/\/www.wiederverwerkle.ch\/wp-content\/uploads\/2016\/08\/Stechbeitel-1-300x200.jpg 300w, https:\/\/www.wiederverwerkle.ch\/wp-content\/uploads\/2016\/08\/Stechbeitel-1-768x512.jpg 768w, https:\/\/www.wiederverwerkle.ch\/wp-content\/uploads\/2016\/08\/Stechbeitel-1.jpg 1024w\" sizes=\"auto, (max-width: 638px) 100vw, 638px\" \/><\/a><\/p>\n<\/div>\n<\/div>\n<\/div>\n","protected":false},"excerpt":{"rendered":"<p>Warum wir das machen? Wir m\u00f6chten uns f\u00fcr eine nachhaltigere Ressourcennutzung in unserer Gesellschaft einsetzen. Wiederverwerkle ist die erste Organisation in Winterthur, welche Restholz an einem zentralen Ort zum Verkauf anbietet. Die Industrie w\u00fcrde das Holz verbrennen, wir holen dieses ab\u00a0und f\u00fchren es einem wertvolleren Zweck zu.\u00a0Mit deinem Einkauf leistest du gleichzeitig einen Beitrag zu&hellip; <\/p>\n","protected":false},"author":3,"featured_media":256,"parent":0,"menu_order":0,"comment_status":"closed","ping_status":"closed","template":"","meta":{"two_page_speed":[],"footnotes":""},"class_list":["post-20","page","type-page","status-publish","has-post-thumbnail","hentry"],"_links":{"self":[{"href":"https:\/\/www.wiederverwerkle.ch\/index.php?rest_route=\/wp\/v2\/pages\/20","targetHints":{"allow":["GET"]}}],"collection":[{"href":"https:\/\/www.wiederverwerkle.ch\/index.php?rest_route=\/wp\/v2\/pages"}],"about":[{"href":"https:\/\/www.wiederverwerkle.ch\/index.php?rest_route=\/wp\/v2\/types\/page"}],"author":[{"embeddable":true,"href":"https:\/\/www.wiederverwerkle.ch\/index.php?rest_route=\/wp\/v2\/users\/3"}],"replies":[{"embeddable":true,"href":"https:\/\/www.wiederverwerkle.ch\/index.php?rest_route=%2Fwp%2Fv2%2Fcomments&post=20"}],"version-history":[{"count":30,"href":"https:\/\/www.wiederverwerkle.ch\/index.php?rest_route=\/wp\/v2\/pages\/20\/revisions"}],"predecessor-version":[{"id":1316,"href":"https:\/\/www.wiederverwerkle.ch\/index.php?rest_route=\/wp\/v2\/pages\/20\/revisions\/1316"}],"wp:featuredmedia":[{"embeddable":true,"href":"https:\/\/www.wiederverwerkle.ch\/index.php?rest_route=\/wp\/v2\/media\/256"}],"wp:attachment":[{"href":"https:\/\/www.wiederverwerkle.ch\/index.php?rest_route=%2Fwp%2Fv2%2Fmedia&parent=20"}],"curies":[{"name":"wp","href":"https:\/\/api.w.org\/{rel}","templated":true}]}}